{"id":654,"date":"2024-06-26T17:32:03","date_gmt":"2024-06-26T15:32:03","guid":{"rendered":"https:\/\/assolabergerie.fr\/?page_id=654"},"modified":"2025-08-18T15:14:48","modified_gmt":"2025-08-18T13:14:48","slug":"tango-cours-die-milongas-bergerie","status":"publish","type":"page","link":"https:\/\/assolabergerie.fr\/index.php\/tango-cours-die-milongas-bergerie\/","title":{"rendered":"Tango Argentin"},"content":{"rendered":"<p><div class=\"fusion-fullwidth fullwidth-box fusion-builder-row-1 fusion-flex-container has-pattern-background has-mask-background nonhundred-percent-fullwidth non-hundred-percent-height-scrolling\" style=\"--awb-border-radius-top-left:0px;--awb-border-radius-top-right:0px;--awb-border-radius-bottom-right:0px;--awb-border-radius-bottom-left:0px;--awb-flex-wrap:wrap;\" ><div class=\"fusion-builder-row fusion-row fusion-flex-align-items-flex-start fusion-flex-content-wrap\" style=\"max-width:1248px;margin-left: calc(-4% \/ 2 );margin-right: calc(-4% \/ 2 );\"><\/div><\/div><div class=\"fusion-fullwidth fullwidth-box fusion-builder-row-2 fusion-flex-container has-pattern-background has-mask-background nonhundred-percent-fullwidth non-hundred-percent-height-scrolling\" style=\"--awb-border-radius-top-left:0px;--awb-border-radius-top-right:0px;--awb-border-radius-bottom-right:0px;--awb-border-radius-bottom-left:0px;--awb-flex-wrap:wrap;\" ><div class=\"fusion-builder-row fusion-row fusion-flex-align-items-flex-start fusion-flex-content-wrap\" style=\"max-width:1248px;margin-left: calc(-4% \/ 2 );margin-right: calc(-4% \/ 2 );\"><div class=\"fusion-layout-column fusion_builder_column fusion-builder-column-0 fusion_builder_column_1_1 1_1 fusion-flex-column\" style=\"--awb-bg-size:cover;--awb-width-large:100%;--awb-margin-top-large:0px;--awb-spacing-right-large:1.92%;--awb-margin-bottom-large:20px;--awb-spacing-left-large:1.92%;--awb-width-medium:100%;--awb-order-medium:0;--awb-spacing-right-medium:1.92%;--awb-spacing-left-medium:1.92%;--awb-width-small:100%;--awb-order-small:0;--awb-spacing-right-small:1.92%;--awb-spacing-left-small:1.92%;\"><div class=\"fusion-column-wrapper fusion-column-has-shadow fusion-flex-justify-content-flex-start fusion-content-layout-column\"><div class=\"fusion-blog-shortcode fusion-blog-shortcode-1 fusion-blog-archive fusion-blog-layout-large fusion-blog-no\"><div class=\"fusion-posts-container fusion-posts-container-no fusion-no-meta-info fusion-blog-rollover\" data-pages=\"0\"><article id=\"blog-1-post-1263\" class=\"fusion-post-large post-1263 post type-post status-publish format-standard has-post-thumbnail hentry category-activites-regulieres category-milongas\">\n\t<style type=\"text\/css\">\n\t\t\t\t\t#blog-1-post-1263 .fusion-post-slideshow {\n\t\t\t\tmax-width: 400px !important;\n\t\t\t}\n\t\t\n\t\t\n\t\t\n\t\t\n\t\t\t<\/style>\n\n\n\t\t\t<div class=\"fusion-flexslider flexslider fusion-flexslider-loading fusion-post-slideshow\" style=\"\">\n\t\t<ul class=\"slides\">\n\t\t\t\n\t\t\t\t\t\t\t\t\t\t\t\t\t\t<li><div  class=\"fusion-image-wrapper\" aria-haspopup=\"true\">\n\t\t\t\t<img decoding=\"async\" width=\"553\" height=\"390\" src=\"https:\/\/assolabergerie.fr\/wp-content\/uploads\/2025\/08\/flyers-2025-Cours-tango1.png\" class=\"attachment-full size-full wp-post-image\" alt=\"\" srcset=\"https:\/\/assolabergerie.fr\/wp-content\/uploads\/2025\/08\/flyers-2025-Cours-tango1-200x141.png 200w, https:\/\/assolabergerie.fr\/wp-content\/uploads\/2025\/08\/flyers-2025-Cours-tango1-400x282.png 400w, https:\/\/assolabergerie.fr\/wp-content\/uploads\/2025\/08\/flyers-2025-Cours-tango1.png 553w\" sizes=\"(max-width: 640px) 100vw, 553px\" \/><div class=\"fusion-rollover\">\n\t<div class=\"fusion-rollover-content\">\n\n\t\t\t\t\t\t\t\t\t\t\t\t\t\t<a class=\"fusion-rollover-link\" href=\"https:\/\/assolabergerie.fr\/index.php\/2025\/08\/18\/cours-tango-lundis-michael-mathilde-2\/\">Cours et pratique de Tango tous les lundis  avec Micha\u00ebl et Mathilde<\/a>\n\t\t\t\n\t\t\t\t\t\t\t\t\t\t\t\t\t\t\n\t\t\t\t\t\t\t\t\n\t\t\t\t\t\t\t\t\t\t\t\t\t<div class=\"fusion-rollover-sep\"><\/div>\n\t\t\t\t\n\t\t\t\t\t\t\t\t\t\t\t\t\t\t\t\t\t\t<a class=\"fusion-rollover-gallery\" href=\"https:\/\/assolabergerie.fr\/wp-content\/uploads\/2025\/08\/flyers-2025-Cours-tango1.png\" data-options=\"\" data-id=\"1263\" data-rel=\"iLightbox[gallery]\" data-title=\"flyers 2025 Cours tango1\" data-caption=\"\">\n\t\t\t\t\t\tGalerie\t\t\t\t\t<\/a>\n\t\t\t\t\t\t\t\t\t\t\t\t\t\t\n\t\t\n\t\t\t\t\t\t\t\t\t\t\t\t<h4 class=\"fusion-rollover-title\">\n\t\t\t\t\t<a class=\"fusion-rollover-title-link\" href=\"https:\/\/assolabergerie.fr\/index.php\/2025\/08\/18\/cours-tango-lundis-michael-mathilde-2\/\">\n\t\t\t\t\t\tCours et pratique de Tango tous les lundis <br> avec Micha\u00ebl et Mathilde\t\t\t\t\t<\/a>\n\t\t\t\t<\/h4>\n\t\t\t\n\t\t\t\t\t\t\t\t\t\t<div class=\"fusion-rollover-categories\"><a href=\"https:\/\/assolabergerie.fr\/index.php\/category\/activites-regulieres\/\" rel=\"tag\">Activit\u00e9s r\u00e9guli\u00e8res<\/a>, <a href=\"https:\/\/assolabergerie.fr\/index.php\/category\/milongas\/\" rel=\"tag\">Milongas<\/a><\/div>\t\t\t\t\t\n\t\t\n\t\t\t\t\t\t<a class=\"fusion-link-wrapper\" href=\"https:\/\/assolabergerie.fr\/index.php\/2025\/08\/18\/cours-tango-lundis-michael-mathilde-2\/\" aria-label=\"Cours et pratique de Tango tous les lundis &lt;br&gt; avec Micha\u00ebl et Mathilde\"><\/a>\n\t<\/div>\n<\/div>\n<\/div>\n<\/li>\n\t\t\t\n\t\t\t\n\t\t\t\t\t\t\t\t\t\t\t\n\t\t\t\t\t\n\t\t\t\t\t\t\t\t\t\t\t<li>\n\t\t\t\t\t\t\t<div class=\"fusion-image-wrapper\">\n\t\t\t\t\t\t\t\t<a href=\"https:\/\/assolabergerie.fr\/index.php\/2025\/08\/18\/cours-tango-lundis-michael-mathilde-2\/\" aria-label=\"Cours et pratique de Tango tous les lundis  avec Micha\u00ebl et Mathilde\">\n\t\t\t\t\t\t\t\t\t<img decoding=\"async\" width=\"555\" height=\"392\" src=\"https:\/\/assolabergerie.fr\/wp-content\/uploads\/2025\/08\/flyers-2025-Cours-tango-2.png\" alt=\"\" class=\"wp-image-1260\" role=\"presentation\" srcset=\"https:\/\/assolabergerie.fr\/wp-content\/uploads\/2025\/08\/flyers-2025-Cours-tango-2-200x141.png 200w, https:\/\/assolabergerie.fr\/wp-content\/uploads\/2025\/08\/flyers-2025-Cours-tango-2-400x283.png 400w, https:\/\/assolabergerie.fr\/wp-content\/uploads\/2025\/08\/flyers-2025-Cours-tango-2.png 555w\" sizes=\"(max-width: 640px) 100vw, 555px\" \/>\t\t\t\t\t\t\t\t<\/a>\n\t\t\t\t\t\t\t\t<a style=\"display:none;\" href=\"https:\/\/assolabergerie.fr\/wp-content\/uploads\/2025\/08\/flyers-2025-Cours-tango-2.png\" data-rel=\"iLightbox[gallery1263]\"  title=\"\" data-title=\"flyers 2025 Cours tango 2\" data-caption=\"\">\n\t\t\t\t\t\t\t\t\t\t\t\t\t\t\t\t\t<\/a>\n\t\t\t\t\t\t\t<\/div>\n\t\t\t\t\t\t<\/li>\n\t\t\t\t\t\t\t\t\t\t\t\t\t\t\t\t\t\t\t\t\t\t\t\t\t\t\t\t\t\t\t\t\t\t\t\t\t\t\t\t\t\t\t\t\t\t\t\t\t\t\t\t\t\t\t\t\t\t\t\t\t\t\t\t\t\t<\/ul>\n\t<\/div>\n\t<div class=\"fusion-post-content post-content\"><h2 class=\"blog-shortcode-post-title entry-title\"><a href=\"https:\/\/assolabergerie.fr\/index.php\/2025\/08\/18\/cours-tango-lundis-michael-mathilde-2\/\">Cours et pratique de Tango tous les lundis <br> avec Micha\u00ebl et Mathilde<\/a><\/h2><div class=\"fusion-post-content-container\"><p>[Cliquez sur l'article pour en savoir plus ...]<\/p><\/div><\/div><div class=\"fusion-clearfix\"><\/div><\/article>\n<article id=\"blog-1-post-1479\" class=\"fusion-post-large post-1479 post type-post status-publish format-standard has-post-thumbnail hentry category-evenement category-milongas\">\n\t<style type=\"text\/css\">\n\t\t\t\t\t#blog-1-post-1479 .fusion-post-slideshow {\n\t\t\t\tmax-width: 400px !important;\n\t\t\t}\n\t\t\n\t\t\n\t\t\n\t\t\n\t\t\t<\/style>\n\n\n\t\t\t<div class=\"fusion-flexslider flexslider fusion-flexslider-loading fusion-post-slideshow\" style=\"\">\n\t\t<ul class=\"slides\">\n\t\t\t\n\t\t\t\t\t\t\t\t\t\t\t\t\t\t<li><div  class=\"fusion-image-wrapper\" aria-haspopup=\"true\">\n\t\t\t\t<img decoding=\"async\" width=\"1125\" height=\"947\" src=\"https:\/\/assolabergerie.fr\/wp-content\/uploads\/2026\/03\/stage-matias-tripodi-mai-2026.jpg\" class=\"attachment-full size-full wp-post-image\" alt=\"\" srcset=\"https:\/\/assolabergerie.fr\/wp-content\/uploads\/2026\/03\/stage-matias-tripodi-mai-2026-200x168.jpg 200w, https:\/\/assolabergerie.fr\/wp-content\/uploads\/2026\/03\/stage-matias-tripodi-mai-2026-400x337.jpg 400w, https:\/\/assolabergerie.fr\/wp-content\/uploads\/2026\/03\/stage-matias-tripodi-mai-2026-600x505.jpg 600w, https:\/\/assolabergerie.fr\/wp-content\/uploads\/2026\/03\/stage-matias-tripodi-mai-2026-800x673.jpg 800w, https:\/\/assolabergerie.fr\/wp-content\/uploads\/2026\/03\/stage-matias-tripodi-mai-2026.jpg 1125w\" sizes=\"(max-width: 640px) 100vw, 1125px\" \/><div class=\"fusion-rollover\">\n\t<div class=\"fusion-rollover-content\">\n\n\t\t\t\t\t\t\t\t\t\t\t\t\t\t<a class=\"fusion-rollover-link\" href=\"https:\/\/assolabergerie.fr\/index.php\/2026\/03\/21\/de-14-au-17-mai-2026-stage-de-tango-avec-matias-tripodi\/\">de 14 au 17 mai 2026   Stage de Tango avec Mat\u00edas Tripodi<\/a>\n\t\t\t\n\t\t\t\t\t\t\t\t\t\t\t\t\t\t\n\t\t\t\t\t\t\t\t\n\t\t\t\t\t\t\t\t\t\t\t\t\t<div class=\"fusion-rollover-sep\"><\/div>\n\t\t\t\t\n\t\t\t\t\t\t\t\t\t\t\t\t\t\t\t\t\t\t<a class=\"fusion-rollover-gallery\" href=\"https:\/\/assolabergerie.fr\/wp-content\/uploads\/2026\/03\/stage-matias-tripodi-mai-2026.jpg\" data-options=\"\" data-id=\"1479\" data-rel=\"iLightbox[gallery]\" data-title=\"stage matias tripodi mai 2026\" data-caption=\"\">\n\t\t\t\t\t\tGalerie\t\t\t\t\t<\/a>\n\t\t\t\t\t\t\t\t\t\t\t\t\t\t\n\t\t\n\t\t\t\t\t\t\t\t\t\t\t\t<h4 class=\"fusion-rollover-title\">\n\t\t\t\t\t<a class=\"fusion-rollover-title-link\" href=\"https:\/\/assolabergerie.fr\/index.php\/2026\/03\/21\/de-14-au-17-mai-2026-stage-de-tango-avec-matias-tripodi\/\">\n\t\t\t\t\t\tde 14 au 17 mai 2026 <br>  Stage de Tango avec Mat\u00edas Tripodi\t\t\t\t\t<\/a>\n\t\t\t\t<\/h4>\n\t\t\t\n\t\t\t\t\t\t\t\t\t\t<div class=\"fusion-rollover-categories\"><a href=\"https:\/\/assolabergerie.fr\/index.php\/category\/evenement\/\" rel=\"tag\">Ev\u00e9nement<\/a>, <a href=\"https:\/\/assolabergerie.fr\/index.php\/category\/milongas\/\" rel=\"tag\">Milongas<\/a><\/div>\t\t\t\t\t\n\t\t\n\t\t\t\t\t\t<a class=\"fusion-link-wrapper\" href=\"https:\/\/assolabergerie.fr\/index.php\/2026\/03\/21\/de-14-au-17-mai-2026-stage-de-tango-avec-matias-tripodi\/\" aria-label=\"de 14 au 17 mai 2026 &lt;br&gt;  Stage de Tango avec Mat\u00edas Tripodi\"><\/a>\n\t<\/div>\n<\/div>\n<\/div>\n<\/li>\n\t\t\t\n\t\t\t\n\t\t\t\t\t\t\t\t\t\t\t\t\t\t\t\t\t\t\t\t\t\t\t\t\t\t\t\t\t\t\t\t\t\t\t\t\t\t\t\t\t\t\t\t\t\t\t\t\t\t\t\t\t\t\t\t\t\t\t\t\t\t\t\t\t\t\t\t<\/ul>\n\t<\/div>\n\t<div class=\"fusion-post-content post-content\"><h2 class=\"blog-shortcode-post-title entry-title\"><a href=\"https:\/\/assolabergerie.fr\/index.php\/2026\/03\/21\/de-14-au-17-mai-2026-stage-de-tango-avec-matias-tripodi\/\">de 14 au 17 mai 2026 <br>  Stage de Tango avec Mat\u00edas Tripodi<\/a><\/h2><div class=\"fusion-post-content-container\"><p>[Cliquez sur l'article pour en savoir plus ...]<\/p><\/div><\/div><div class=\"fusion-clearfix\"><\/div><\/article>\n<\/div><\/div><\/div><\/div><\/div><\/div><\/p>\n","protected":false},"excerpt":{"rendered":"","protected":false},"author":1,"featured_media":0,"parent":0,"menu_order":0,"comment_status":"closed","ping_status":"closed","template":"100-width.php","meta":{"footnotes":""},"class_list":["post-654","page","type-page","status-publish","hentry"],"yoast_head":"<!-- This site is optimized with the Yoast SEO plugin v27.5 - https:\/\/yoast.com\/product\/yoast-seo-wordpress\/ -->\n<title>Tango Argentin - ASSOCIATION LA BERGERIE<\/title>\n<meta name=\"description\" content=\"Cours de tango r\u00e9guliers \u00e0 Die. \u00c9v\u00e8nements de Tango \u00e0 la Bergerie. Concert, Milonga. Les cours sont assur\u00e9s par Mathilde, passionn\u00e9e de danse (contact impro et tango) qui donnait des cours \u00e0 Paris avant son arriv\u00e9e dans la Dr\u00f4me et Micha\u00ebl, danseur exp\u00e9riment\u00e9 (19\u00e8me ann\u00e9e de tango) qui dispose d\u2019une connaissance fine du corps humain (ancien kin\u00e9 et aujourd\u2019hui ost\u00e9opathe). Complices dans la vie et dans la danse, nous avons \u00e0 c\u0153ur de vous transmettre notre passion !Parlez-en autour de vous, nous vous attendons avec joie sur le plancher de la Sugilite ! 2 niveaux :\u2022 d\u00e9butant (18h-19h) : pour toute personne qui n&#039;a jamais ou tr\u00e8s peu dans\u00e9 le tango \/ pour les danseurs souhaitant reprendre les bases du tango \/ pour les danseurs ayant d\u00e9j\u00e0 une certaine exp\u00e9rience dans un r\u00f4le (guideur \/ guid\u00e9) et qui souhaitent d\u00e9velopper la pratique de l&#039;autre r\u00f4le.\u2022 interm\u00e9diaire (19h-20h) : pour les danseurs qui ont une ann\u00e9e de tango minimum \/ pour tout danseur qui a d\u00e9j\u00e0 une exp\u00e9rience dans la danse (de couple notamment) et qui s&#039;engage \u00e0 suivre le cours d\u00e9butant en parall\u00e8le.\" \/>\n<meta name=\"robots\" content=\"index, follow, max-snippet:-1, max-image-preview:large, max-video-preview:-1\" \/>\n<link rel=\"canonical\" href=\"https:\/\/assolabergerie.fr\/index.php\/tango-cours-die-milongas-bergerie\/\" \/>\n<meta property=\"og:locale\" content=\"fr_FR\" \/>\n<meta property=\"og:type\" content=\"article\" \/>\n<meta property=\"og:title\" content=\"Tango Argentin - ASSOCIATION LA BERGERIE\" \/>\n<meta property=\"og:description\" content=\"Cours de tango r\u00e9guliers \u00e0 Die. \u00c9v\u00e8nements de Tango \u00e0 la Bergerie. Concert, Milonga. Les cours sont assur\u00e9s par Mathilde, passionn\u00e9e de danse (contact impro et tango) qui donnait des cours \u00e0 Paris avant son arriv\u00e9e dans la Dr\u00f4me et Micha\u00ebl, danseur exp\u00e9riment\u00e9 (19\u00e8me ann\u00e9e de tango) qui dispose d\u2019une connaissance fine du corps humain (ancien kin\u00e9 et aujourd\u2019hui ost\u00e9opathe). Complices dans la vie et dans la danse, nous avons \u00e0 c\u0153ur de vous transmettre notre passion !Parlez-en autour de vous, nous vous attendons avec joie sur le plancher de la Sugilite ! 2 niveaux :\u2022 d\u00e9butant (18h-19h) : pour toute personne qui n&#039;a jamais ou tr\u00e8s peu dans\u00e9 le tango \/ pour les danseurs souhaitant reprendre les bases du tango \/ pour les danseurs ayant d\u00e9j\u00e0 une certaine exp\u00e9rience dans un r\u00f4le (guideur \/ guid\u00e9) et qui souhaitent d\u00e9velopper la pratique de l&#039;autre r\u00f4le.\u2022 interm\u00e9diaire (19h-20h) : pour les danseurs qui ont une ann\u00e9e de tango minimum \/ pour tout danseur qui a d\u00e9j\u00e0 une exp\u00e9rience dans la danse (de couple notamment) et qui s&#039;engage \u00e0 suivre le cours d\u00e9butant en parall\u00e8le.\" \/>\n<meta property=\"og:url\" content=\"https:\/\/assolabergerie.fr\/index.php\/tango-cours-die-milongas-bergerie\/\" \/>\n<meta property=\"og:site_name\" content=\"ASSOCIATION LA BERGERIE\" \/>\n<meta property=\"article:modified_time\" content=\"2025-08-18T13:14:48+00:00\" \/>\n<meta name=\"twitter:card\" content=\"summary_large_image\" \/>\n<meta name=\"twitter:label1\" content=\"Dur\u00e9e de lecture estim\u00e9e\" \/>\n\t<meta name=\"twitter:data1\" content=\"4 minutes\" \/>\n<script type=\"application\/ld+json\" class=\"yoast-schema-graph\">{\"@context\":\"https:\\\/\\\/schema.org\",\"@graph\":[{\"@type\":\"WebPage\",\"@id\":\"https:\\\/\\\/assolabergerie.fr\\\/index.php\\\/tango-cours-die-milongas-bergerie\\\/\",\"url\":\"https:\\\/\\\/assolabergerie.fr\\\/index.php\\\/tango-cours-die-milongas-bergerie\\\/\",\"name\":\"Tango Argentin - ASSOCIATION LA BERGERIE\",\"isPartOf\":{\"@id\":\"https:\\\/\\\/assolabergerie.fr\\\/#website\"},\"datePublished\":\"2024-06-26T15:32:03+00:00\",\"dateModified\":\"2025-08-18T13:14:48+00:00\",\"description\":\"Cours de tango r\u00e9guliers \u00e0 Die. \u00c9v\u00e8nements de Tango \u00e0 la Bergerie. Concert, Milonga. Les cours sont assur\u00e9s par Mathilde, passionn\u00e9e de danse (contact impro et tango) qui donnait des cours \u00e0 Paris avant son arriv\u00e9e dans la Dr\u00f4me et Micha\u00ebl, danseur exp\u00e9riment\u00e9 (19\u00e8me ann\u00e9e de tango) qui dispose d\u2019une connaissance fine du corps humain (ancien kin\u00e9 et aujourd\u2019hui ost\u00e9opathe). Complices dans la vie et dans la danse, nous avons \u00e0 c\u0153ur de vous transmettre notre passion !Parlez-en autour de vous, nous vous attendons avec joie sur le plancher de la Sugilite ! 2 niveaux :\u2022 d\u00e9butant (18h-19h) : pour toute personne qui n'a jamais ou tr\u00e8s peu dans\u00e9 le tango \\\/ pour les danseurs souhaitant reprendre les bases du tango \\\/ pour les danseurs ayant d\u00e9j\u00e0 une certaine exp\u00e9rience dans un r\u00f4le (guideur \\\/ guid\u00e9) et qui souhaitent d\u00e9velopper la pratique de l'autre r\u00f4le.\u2022 interm\u00e9diaire (19h-20h) : pour les danseurs qui ont une ann\u00e9e de tango minimum \\\/ pour tout danseur qui a d\u00e9j\u00e0 une exp\u00e9rience dans la danse (de couple notamment) et qui s'engage \u00e0 suivre le cours d\u00e9butant en parall\u00e8le.\",\"breadcrumb\":{\"@id\":\"https:\\\/\\\/assolabergerie.fr\\\/index.php\\\/tango-cours-die-milongas-bergerie\\\/#breadcrumb\"},\"inLanguage\":\"fr-FR\",\"potentialAction\":[{\"@type\":\"ReadAction\",\"target\":[\"https:\\\/\\\/assolabergerie.fr\\\/index.php\\\/tango-cours-die-milongas-bergerie\\\/\"]}]},{\"@type\":\"BreadcrumbList\",\"@id\":\"https:\\\/\\\/assolabergerie.fr\\\/index.php\\\/tango-cours-die-milongas-bergerie\\\/#breadcrumb\",\"itemListElement\":[{\"@type\":\"ListItem\",\"position\":1,\"name\":\"Accueil\",\"item\":\"https:\\\/\\\/assolabergerie.fr\\\/\"},{\"@type\":\"ListItem\",\"position\":2,\"name\":\"Tango Argentin\"}]},{\"@type\":\"WebSite\",\"@id\":\"https:\\\/\\\/assolabergerie.fr\\\/#website\",\"url\":\"https:\\\/\\\/assolabergerie.fr\\\/\",\"name\":\"ASSOCIATION LA BERGERIE\",\"description\":\"\",\"publisher\":{\"@id\":\"https:\\\/\\\/assolabergerie.fr\\\/#organization\"},\"potentialAction\":[{\"@type\":\"SearchAction\",\"target\":{\"@type\":\"EntryPoint\",\"urlTemplate\":\"https:\\\/\\\/assolabergerie.fr\\\/?s={search_term_string}\"},\"query-input\":{\"@type\":\"PropertyValueSpecification\",\"valueRequired\":true,\"valueName\":\"search_term_string\"}}],\"inLanguage\":\"fr-FR\"},{\"@type\":\"Organization\",\"@id\":\"https:\\\/\\\/assolabergerie.fr\\\/#organization\",\"name\":\"Association La Bergerie\",\"url\":\"https:\\\/\\\/assolabergerie.fr\\\/\",\"logo\":{\"@type\":\"ImageObject\",\"inLanguage\":\"fr-FR\",\"@id\":\"https:\\\/\\\/assolabergerie.fr\\\/#\\\/schema\\\/logo\\\/image\\\/\",\"url\":\"https:\\\/\\\/assolabergerie.fr\\\/wp-content\\\/uploads\\\/2023\\\/09\\\/faviconBrebis.png\",\"contentUrl\":\"https:\\\/\\\/assolabergerie.fr\\\/wp-content\\\/uploads\\\/2023\\\/09\\\/faviconBrebis.png\",\"width\":64,\"height\":64,\"caption\":\"Association La Bergerie\"},\"image\":{\"@id\":\"https:\\\/\\\/assolabergerie.fr\\\/#\\\/schema\\\/logo\\\/image\\\/\"}}]}<\/script>\n<!-- \/ Yoast SEO plugin. -->","yoast_head_json":{"title":"Tango Argentin - ASSOCIATION LA BERGERIE","description":"Cours de tango r\u00e9guliers \u00e0 Die. \u00c9v\u00e8nements de Tango \u00e0 la Bergerie. Concert, Milonga. Les cours sont assur\u00e9s par Mathilde, passionn\u00e9e de danse (contact impro et tango) qui donnait des cours \u00e0 Paris avant son arriv\u00e9e dans la Dr\u00f4me et Micha\u00ebl, danseur exp\u00e9riment\u00e9 (19\u00e8me ann\u00e9e de tango) qui dispose d\u2019une connaissance fine du corps humain (ancien kin\u00e9 et aujourd\u2019hui ost\u00e9opathe). Complices dans la vie et dans la danse, nous avons \u00e0 c\u0153ur de vous transmettre notre passion !Parlez-en autour de vous, nous vous attendons avec joie sur le plancher de la Sugilite ! 2 niveaux :\u2022 d\u00e9butant (18h-19h) : pour toute personne qui n'a jamais ou tr\u00e8s peu dans\u00e9 le tango \/ pour les danseurs souhaitant reprendre les bases du tango \/ pour les danseurs ayant d\u00e9j\u00e0 une certaine exp\u00e9rience dans un r\u00f4le (guideur \/ guid\u00e9) et qui souhaitent d\u00e9velopper la pratique de l'autre r\u00f4le.\u2022 interm\u00e9diaire (19h-20h) : pour les danseurs qui ont une ann\u00e9e de tango minimum \/ pour tout danseur qui a d\u00e9j\u00e0 une exp\u00e9rience dans la danse (de couple notamment) et qui s'engage \u00e0 suivre le cours d\u00e9butant en parall\u00e8le.","robots":{"index":"index","follow":"follow","max-snippet":"max-snippet:-1","max-image-preview":"max-image-preview:large","max-video-preview":"max-video-preview:-1"},"canonical":"https:\/\/assolabergerie.fr\/index.php\/tango-cours-die-milongas-bergerie\/","og_locale":"fr_FR","og_type":"article","og_title":"Tango Argentin - ASSOCIATION LA BERGERIE","og_description":"Cours de tango r\u00e9guliers \u00e0 Die. \u00c9v\u00e8nements de Tango \u00e0 la Bergerie. Concert, Milonga. Les cours sont assur\u00e9s par Mathilde, passionn\u00e9e de danse (contact impro et tango) qui donnait des cours \u00e0 Paris avant son arriv\u00e9e dans la Dr\u00f4me et Micha\u00ebl, danseur exp\u00e9riment\u00e9 (19\u00e8me ann\u00e9e de tango) qui dispose d\u2019une connaissance fine du corps humain (ancien kin\u00e9 et aujourd\u2019hui ost\u00e9opathe). Complices dans la vie et dans la danse, nous avons \u00e0 c\u0153ur de vous transmettre notre passion !Parlez-en autour de vous, nous vous attendons avec joie sur le plancher de la Sugilite ! 2 niveaux :\u2022 d\u00e9butant (18h-19h) : pour toute personne qui n'a jamais ou tr\u00e8s peu dans\u00e9 le tango \/ pour les danseurs souhaitant reprendre les bases du tango \/ pour les danseurs ayant d\u00e9j\u00e0 une certaine exp\u00e9rience dans un r\u00f4le (guideur \/ guid\u00e9) et qui souhaitent d\u00e9velopper la pratique de l'autre r\u00f4le.\u2022 interm\u00e9diaire (19h-20h) : pour les danseurs qui ont une ann\u00e9e de tango minimum \/ pour tout danseur qui a d\u00e9j\u00e0 une exp\u00e9rience dans la danse (de couple notamment) et qui s'engage \u00e0 suivre le cours d\u00e9butant en parall\u00e8le.","og_url":"https:\/\/assolabergerie.fr\/index.php\/tango-cours-die-milongas-bergerie\/","og_site_name":"ASSOCIATION LA BERGERIE","article_modified_time":"2025-08-18T13:14:48+00:00","twitter_card":"summary_large_image","twitter_misc":{"Dur\u00e9e de lecture estim\u00e9e":"4 minutes"},"schema":{"@context":"https:\/\/schema.org","@graph":[{"@type":"WebPage","@id":"https:\/\/assolabergerie.fr\/index.php\/tango-cours-die-milongas-bergerie\/","url":"https:\/\/assolabergerie.fr\/index.php\/tango-cours-die-milongas-bergerie\/","name":"Tango Argentin - ASSOCIATION LA BERGERIE","isPartOf":{"@id":"https:\/\/assolabergerie.fr\/#website"},"datePublished":"2024-06-26T15:32:03+00:00","dateModified":"2025-08-18T13:14:48+00:00","description":"Cours de tango r\u00e9guliers \u00e0 Die. \u00c9v\u00e8nements de Tango \u00e0 la Bergerie. Concert, Milonga. Les cours sont assur\u00e9s par Mathilde, passionn\u00e9e de danse (contact impro et tango) qui donnait des cours \u00e0 Paris avant son arriv\u00e9e dans la Dr\u00f4me et Micha\u00ebl, danseur exp\u00e9riment\u00e9 (19\u00e8me ann\u00e9e de tango) qui dispose d\u2019une connaissance fine du corps humain (ancien kin\u00e9 et aujourd\u2019hui ost\u00e9opathe). Complices dans la vie et dans la danse, nous avons \u00e0 c\u0153ur de vous transmettre notre passion !Parlez-en autour de vous, nous vous attendons avec joie sur le plancher de la Sugilite ! 2 niveaux :\u2022 d\u00e9butant (18h-19h) : pour toute personne qui n'a jamais ou tr\u00e8s peu dans\u00e9 le tango \/ pour les danseurs souhaitant reprendre les bases du tango \/ pour les danseurs ayant d\u00e9j\u00e0 une certaine exp\u00e9rience dans un r\u00f4le (guideur \/ guid\u00e9) et qui souhaitent d\u00e9velopper la pratique de l'autre r\u00f4le.\u2022 interm\u00e9diaire (19h-20h) : pour les danseurs qui ont une ann\u00e9e de tango minimum \/ pour tout danseur qui a d\u00e9j\u00e0 une exp\u00e9rience dans la danse (de couple notamment) et qui s'engage \u00e0 suivre le cours d\u00e9butant en parall\u00e8le.","breadcrumb":{"@id":"https:\/\/assolabergerie.fr\/index.php\/tango-cours-die-milongas-bergerie\/#breadcrumb"},"inLanguage":"fr-FR","potentialAction":[{"@type":"ReadAction","target":["https:\/\/assolabergerie.fr\/index.php\/tango-cours-die-milongas-bergerie\/"]}]},{"@type":"BreadcrumbList","@id":"https:\/\/assolabergerie.fr\/index.php\/tango-cours-die-milongas-bergerie\/#breadcrumb","itemListElement":[{"@type":"ListItem","position":1,"name":"Accueil","item":"https:\/\/assolabergerie.fr\/"},{"@type":"ListItem","position":2,"name":"Tango Argentin"}]},{"@type":"WebSite","@id":"https:\/\/assolabergerie.fr\/#website","url":"https:\/\/assolabergerie.fr\/","name":"ASSOCIATION LA BERGERIE","description":"","publisher":{"@id":"https:\/\/assolabergerie.fr\/#organization"},"potentialAction":[{"@type":"SearchAction","target":{"@type":"EntryPoint","urlTemplate":"https:\/\/assolabergerie.fr\/?s={search_term_string}"},"query-input":{"@type":"PropertyValueSpecification","valueRequired":true,"valueName":"search_term_string"}}],"inLanguage":"fr-FR"},{"@type":"Organization","@id":"https:\/\/assolabergerie.fr\/#organization","name":"Association La Bergerie","url":"https:\/\/assolabergerie.fr\/","logo":{"@type":"ImageObject","inLanguage":"fr-FR","@id":"https:\/\/assolabergerie.fr\/#\/schema\/logo\/image\/","url":"https:\/\/assolabergerie.fr\/wp-content\/uploads\/2023\/09\/faviconBrebis.png","contentUrl":"https:\/\/assolabergerie.fr\/wp-content\/uploads\/2023\/09\/faviconBrebis.png","width":64,"height":64,"caption":"Association La Bergerie"},"image":{"@id":"https:\/\/assolabergerie.fr\/#\/schema\/logo\/image\/"}}]}},"_links":{"self":[{"href":"https:\/\/assolabergerie.fr\/index.php\/wp-json\/wp\/v2\/pages\/654","targetHints":{"allow":["GET"]}}],"collection":[{"href":"https:\/\/assolabergerie.fr\/index.php\/wp-json\/wp\/v2\/pages"}],"about":[{"href":"https:\/\/assolabergerie.fr\/index.php\/wp-json\/wp\/v2\/types\/page"}],"author":[{"embeddable":true,"href":"https:\/\/assolabergerie.fr\/index.php\/wp-json\/wp\/v2\/users\/1"}],"replies":[{"embeddable":true,"href":"https:\/\/assolabergerie.fr\/index.php\/wp-json\/wp\/v2\/comments?post=654"}],"version-history":[{"count":88,"href":"https:\/\/assolabergerie.fr\/index.php\/wp-json\/wp\/v2\/pages\/654\/revisions"}],"predecessor-version":[{"id":1269,"href":"https:\/\/assolabergerie.fr\/index.php\/wp-json\/wp\/v2\/pages\/654\/revisions\/1269"}],"wp:attachment":[{"href":"https:\/\/assolabergerie.fr\/index.php\/wp-json\/wp\/v2\/media?parent=654"}],"curies":[{"name":"wp","href":"https:\/\/api.w.org\/{rel}","templated":true}]}}